{"id":1288,"date":"2011-06-08T09:59:53","date_gmt":"2011-06-08T16:59:53","guid":{"rendered":"http:\/\/www.milfont.org\/tech\/"},"modified":"2020-06-17T17:48:57","modified_gmt":"2020-06-17T20:48:57","slug":"comunidades","status":"publish","type":"page","link":"https:\/\/www.milfont.org\/tech\/comunidades\/","title":{"rendered":"Comunidades"},"content":{"rendered":"<p>Apoiamos algumas comunidades cearenses por meio de patroc\u00ednio, submiss\u00e3o de trabalhos, organiza\u00e7\u00e3o e realiza\u00e7\u00e3o de eventos, participa\u00e7\u00e3o nas listas de discuss\u00f5es, entre outras atividades.<\/p>\n<p><a href=\"http:\/\/groups.google.com\/group\/cearajs\"><br \/>\n<img decoding=\"async\" class=\"alignleft\" src=\"http:\/\/www.milfont.org\/cejs200.png\" alt=\"CEJS\"><br \/>\n<\/a><\/p>\n<p>Comunidade respons\u00e1vel pelo Javascript no Cear\u00e1. Grupo participou da organiza\u00e7\u00e3o do maior evento do mundo de javascript, o <a href=\"http:\/\/braziljs.com.br\/\">BrazilJS<\/a>.<\/p>\n<p><a href=\"http:\/\/www.xpce.org\/\"><br \/>\n<img decoding=\"async\" class=\"alignleft\" src=\"http:\/\/www.milfont.org\/images\/xpce.png\" alt=\"XPCE\"><br \/>\n<\/a><\/p>\n<p>Comunidade cearense sobre Extreme Programming e m\u00e9todos \u00e1geis em geral. Grupo que organiza e realiza eventos como Mar\u00e9 de Agilidade e participa ativamente da organiza\u00e7\u00e3o do AgileBrazil em Fortaleza.<\/p>\n<p><a href=\"http:\/\/www.javace.org\/\"><br \/>\n<img decoding=\"async\" class=\"alignleft\" src=\"http:\/\/www.javace.org\/wp-content\/uploads\/2010\/08\/logoAmostraThumb1.jpg\" alt=\"JavaCE\"><br \/>\n<\/a><br \/>\nUm dos JUGs mais ativos do Brazil e principalmente do Nordeste. O grupo organiza atividades sociais como cursos gratuitos com doa\u00e7\u00e3o de leite e alimentos para institui\u00e7\u00f5es que cuidam de crian\u00e7as. Principal JUG do Cear\u00e1 apesar da exist\u00eancia recente.<\/p>\n<p><a href=\"http:\/\/groups.google.com\/group\/guru-ce\"><br \/>\n<img decoding=\"async\" class=\"alignleft\" src=\"http:\/\/www.milfont.org\/guru-ce-peq.jpg\" alt=\"GURUCE\"><br \/>\n<\/a><br \/>\nComunidade que organiza eventos e encontros de entusiastas da linguagem Ruby no Cear\u00e1, promove HackDays e coding dojos.<\/p>\n<p><a href=\"http:\/\/groups.google.com\/group\/pug-ce\"><br \/>\n<img decoding=\"async\" loading=\"lazy\" class=\"alignleft\" src=\"http:\/\/www.milfont.org\/pugce.png\" alt=\"PUGCE\" width=\"180\" height=\"80\"><br \/>\n<\/a><br \/>\nComunidade que trabalha para a populariza\u00e7\u00e3o da linguagem Python no Cear\u00e1, promove encontros com palestras e mant\u00e9m uma lista de discuss\u00f5es.<\/p>\n","protected":false},"excerpt":{"rendered":"<p>Apoiamos algumas comunidades cearenses por meio de patroc\u00ednio, submiss\u00e3o de trabalhos, organiza\u00e7\u00e3o e realiza\u00e7\u00e3o de eventos, participa\u00e7\u00e3o nas listas de discuss\u00f5es, entre outras atividades. Comunidade respons\u00e1vel pelo Javascript no Cear\u00e1. Grupo participou da organiza\u00e7\u00e3o do maior evento do mundo de javascript, o BrazilJS. Comunidade cearense sobre Extreme Programming e m\u00e9todos \u00e1geis em geral. Grupo que [&hellip;]<\/p>\n","protected":false},"author":2,"featured_media":0,"parent":0,"menu_order":0,"comment_status":"open","ping_status":"open","template":"","meta":[],"_links":{"self":[{"href":"https:\/\/www.milfont.org\/tech\/wp-json\/wp\/v2\/pages\/1288"}],"collection":[{"href":"https:\/\/www.milfont.org\/tech\/wp-json\/wp\/v2\/pages"}],"about":[{"href":"https:\/\/www.milfont.org\/tech\/wp-json\/wp\/v2\/types\/page"}],"author":[{"embeddable":true,"href":"https:\/\/www.milfont.org\/tech\/wp-json\/wp\/v2\/users\/2"}],"replies":[{"embeddable":true,"href":"https:\/\/www.milfont.org\/tech\/wp-json\/wp\/v2\/comments?post=1288"}],"version-history":[{"count":13,"href":"https:\/\/www.milfont.org\/tech\/wp-json\/wp\/v2\/pages\/1288\/revisions"}],"predecessor-version":[{"id":1899,"href":"https:\/\/www.milfont.org\/tech\/wp-json\/wp\/v2\/pages\/1288\/revisions\/1899"}],"wp:attachment":[{"href":"https:\/\/www.milfont.org\/tech\/wp-json\/wp\/v2\/media?parent=1288"}],"curies":[{"name":"wp","href":"https:\/\/api.w.org\/{rel}","templated":true}]}}