{"id":2,"date":"2007-07-30T02:12:00","date_gmt":"2007-07-30T09:12:00","guid":{"rendered":""},"modified":"2017-03-13T15:56:34","modified_gmt":"2017-03-13T18:56:34","slug":"about","status":"publish","type":"page","link":"https:\/\/www.milfont.org\/tech\/about\/","title":{"rendered":"About"},"content":{"rendered":"<p>Meu nome \u00e9\u00a0Christiano Milfont, sou coordenador dos grupos\u00a0<a href=\"http:\/\/www.xpce.org\/\">XPCE<\/a>,\u00a0<a href=\"http:\/\/guruce.org\/\">GURUCE<\/a>,\u00a0<a href=\"http:\/\/groups.google.com\/group\/cearajs\">CEJS<\/a>\u00a0e\u00a0<a href=\"http:\/\/groups.google.com\/group\/javace\/\">JAVACE<\/a>,\u00a0<a href=\"https:\/\/github.com\/cmilfont\" target=\"_blank\">programador<\/a>, <a href=\"http:\/\/www.milfont.org\/tech\/eventos\/\" target=\"_blank\">palestrante<\/a>, \u201cevangilista\u201d (evangelista \u00e1gil),\u00a0<a href=\"https:\/\/medium.com\/@milfont\" target=\"_blank\">blogger<\/a>, ex-colunista da revista\u00a0<a href=\"http:\/\/www.milfont.org\/tech\/category\/java-magazine\/\" target=\"_blank\">Java<\/a> <a href=\"http:\/\/www.milfont.org\/tech\/published\/\" target=\"_blank\">Magazine<\/a>, l\u00edder e instrutor da <a href=\"http:\/\/produtoreativo.com.br\/\">Produto Reativo<\/a> e engenheiro\u00a0de software na <a href=\"http:\/\/greenmile.com\/\">GreenMile<\/a>, quase\u00a0<a href=\"http:\/\/www.linkedin.com\/in\/cmilfont\" target=\"_blank\">20 anos de experi\u00eancia<\/a> em desenvolvimento de software,\u00a0<a href=\"http:\/\/www.milfont.org\/tech\/2008\/01\/06\/9-anos-de-java\/\" target=\"_blank\">uma d\u00e9cada com Java<\/a>, alguns pouco anos com\u00a0<a href=\"http:\/\/www.workingwithrails.com\/person\/16109-christiano-milfont\" target=\"_blank\">Ruby\/Rails<\/a>, maluco por\u00a0<a href=\"http:\/\/www.milfont.org\/tech\/category\/javascript\/\" target=\"_blank\">Javascript<\/a>, organizei os eventos\u00a0<a href=\"http:\/\/maredeagilidade.com.br\/\" target=\"_blank\">Mar\u00e9 de Agilidade<\/a> Fortaleza 2009\/2010 e\u00a0<a href=\"http:\/\/braziljs.com.br\/2011\/\" target=\"_blank\">BrazilJS<\/a>, <a href=\"http:\/\/2014.jsconfbr.org\/\">JSConf BR<\/a>, CEJS, al\u00e9m de dezenas de outros, sou\u00a0<a href=\"https:\/\/www.instagram.com\/cmilfont\/\" target=\"_blank\">atleta<\/a> e\u00a0<a href=\"https:\/\/picasaweb.google.com\/cmilfont\/Geral#5356818703493023666\" target=\"_blank\">headbanger<\/a>.<\/p>\n<p><img decoding=\"async\" loading=\"lazy\" class=\"size-full wp-image-859 alignright\" title=\"milfont\" src=\"http:\/\/www.milfont.org\/tech\/wp-content\/uploads\/2010\/01\/937000_not_fot.jpg\" alt=\"milfont\" width=\"322\" height=\"441\" srcset=\"https:\/\/www.milfont.org\/tech\/wp-content\/uploads\/2010\/01\/937000_not_fot.jpg 322w, https:\/\/www.milfont.org\/tech\/wp-content\/uploads\/2010\/01\/937000_not_fot-219x300.jpg 219w\" sizes=\"(max-width: 322px) 100vw, 322px\" \/><\/p>\n<h2>Onde me matar<\/h2>\n<p>Casa: Rua Eurico Medina 185, Dom Lustosa, Fortaleza &#8211; CE, CEP: 60526-155. 3\u00b045\u203218.95\u2033 S | 38\u00b035\u203202.60\u2033 W<\/p>\n<p>Telefones: +55 (85) 9 8106-3769 [vivo]<\/p>\n<p>Empresa: <strong>Av. Desembargador Moreira 2020, sala 209. Edif\u00edo Trade Center &#8211; Bairro Aldeota &#8211; CEP:60.170-002, Fortaleza-CE, Brazil. <\/strong>+55 (85) 3224-8681<\/p>\n<p>Junte-se a n\u00f3s na <a href=\"http:\/\/www.f2rh.com.br\/empresas\/11\/\">Milfont Consulting<\/a><\/p>\n<p>Meu curr\u00edculo no <a href=\"http:\/\/resume.github.com\/?cmilfont\">github<\/a>.<\/p>\n<p>Comunique-se comigo via Gtalk(cmilfont@gmail.com) , ou MSN (cmilfont@msn.com), apesar de ultimamente quase n\u00e3o usar o MSN. Skype (cmilfont).<\/p>\n<p>Meu OpenID pode ser confirmado pelo <del> <a href=\"http:\/\/claimid.com\/cmilfont\">ClaimID<\/a> <\/del> agora o <a href=\"http:\/\/www.milfont.org\/tech\">Milfont.Tech<\/a> \u00e9 meu pr\u00f3prio OpenID.<\/p>\n<p>Brincando com <a href=\"http:\/\/www.workingwithrails.com\/person\/16109-christiano-milfont\">Rails<\/a>.<\/p>\n<p>Voc\u00ea pode discutir comigo em v\u00e1rias comunidades no <a href=\"http:\/\/www.orkut.com\/Profile.aspx?uid=17121702180259633383\">Orkut<\/a>, simplesmente me adicionar no <a href=\"http:\/\/www.facebook.com\/profile.php?id=658897666\">Facebook<\/a>, no <a href=\"http:\/\/www.myspace.com\/cmilfont\">MySpace<\/a>, no <a href=\"http:\/\/www.hi5.com\/friend\/profile\/displaySameProfile.do?userid=200976068\">HI5<\/a> e no <a href=\"http:\/\/cmilfont.myplaxo.com\/\">Plaxo<\/a>.<\/p>\n<p>Podemos nos unir em uma tribo no <a href=\"http:\/\/people.tribe.net\/2809041b-c648-4357-9ec7-b8469d072559\">Tribe<\/a>.<\/p>\n<p>Procure objetivos parecidos com os meus no <a href=\"http:\/\/www.43things.com\/person\/cmilfont\">43 Things<\/a>.<\/p>\n<p>Vamos nos relacionar profissionalmente no <a href=\"http:\/\/www.via6.com\/cmilfont\">Via6<\/a> ou no <a href=\"http:\/\/www.linkedin.com\/in\/cmilfont\">Linkedin<\/a>.<\/p>\n<p>Saiba minhas prefer\u00eancias musicais no <a href=\"http:\/\/www.last.fm\/user\/cmilfont\/\">Last.fm<\/a>.<\/p>\n<p>Veja minhas fotos no <a href=\"http:\/\/www.flickr.com\/photos\/cmilfont\/\">Flickr<\/a> e no <a href=\"http:\/\/picasaweb.google.com\/cmilfont\">Picasa<\/a>.<\/p>\n<p>Veja meus v\u00eddeos favoritos no <a href=\"http:\/\/www.youtube.com\/profile?user=cmilfont\">YouTube<\/a>.<\/p>\n<p>Veja meus slides no <a href=\"http:\/\/www.slideshare.net\/cmilfont\">SlideShare<\/a>.<\/p>\n<p>Venha comprar comigo no <a href=\"http:\/\/br.tuangr.com\/cmilfont\">Tuangr<\/a> (apesar que segundo o <a href=\"http:\/\/spesa.com.br\/\">Spesa<\/a>, onde controlo meus gastos, n\u00e3o estou podendo comprar nada).<\/p>\n<p>Acompanhe a evolu\u00e7\u00e3o dos meus blogs no <a href=\"http:\/\/www.technorati.com\/people\/technorati\/cmilfont\">Technorati<\/a>, no <a href=\"http:\/\/www.blogblogs.com.br\/people\/view\/2041\">BlogBlogs<\/a> ou no <a href=\"http:\/\/tracker.icerocket.com\/project.info.php?pid=7939&amp;rid=pbl\">IceRocket<\/a>.<\/p>\n<p>Conhe\u00e7a minhas prefer\u00eancias liter\u00e1rias no <a href=\"http:\/\/www.shelfari.com\/cmilfont\">Shelfari<\/a>.<\/p>\n<p>Importe meu <a href=\"http:\/\/www.milfont.org\/tech\/wp-content\/upload\/cmilfont-opml-092007.xml\">OPML<\/a> no seu <a href=\"http:\/\/www.google.com.br\/reader\/view\">GReader<\/a>.<\/p>\n<p>Visite meus favoritos no <a href=\"http:\/\/del.icio.us\/cmilfont\">Del.icio.us<\/a>.<\/p>\n<p>Observe onde moro no <a href=\"http:\/\/maps.google.com\/maps\/ms?ie=UTF8&amp;hl=en&amp;om=1&amp;msa=0&amp;msid=109056020849555344008.000434d46e0bc207880f5&amp;z=17\">GMaps<\/a>.<\/p>\n<p>Venha me acompanhar nos meus microblogs do <a href=\"http:\/\/twitter.com\/cmilfont\">Twitter<\/a>, <a href=\"http:\/\/cmilfont.jaiku.com\/\">Jaiku<\/a>, <a href=\"http:\/\/pownce.com\/cmilfont\/\">Pownce<\/a>, <a href=\"http:\/\/www.gozub.com\/profile\/cmilfont\">Gozub<\/a>, <a href=\"http:\/\/cmilfont.tumblr.com\/\">Tumblr<\/a>, <a href=\"http:\/\/www.beemood.com\/cmilfont\">Beemood<\/a>, <a href=\"http:\/\/www.feecle.jp\/blog\/?b=cmilfont\">Feecle<\/a>, <a href=\"http:\/\/www.meemi.com\/cmilfont\">Meemi<\/a>, <a href=\"http:\/\/adocu.com\/cmilfont\">Adocu<\/a>, <a href=\"http:\/\/www.frazr.fr\/u\/cmilfont\">Frazr<\/a>, <a href=\"http:\/\/fanfou.com\/cmilfont\">Fanfou<\/a>, <a href=\"http:\/\/www.twoorl.com\/cmilfont\">Twoorl<\/a>, <a href=\"http:\/\/cmilfont.numpa.nl\/\">Numpa<\/a>,\u00a0<a href=\"http:\/\/gospelr.com\/cmilfont\">Gospelr<\/a> e <a href=\"http:\/\/yappd.com\/me\/cmilfont\">Yappd<\/a> (uso o <a href=\"http:\/\/www.hellotxt.com\">Hellotxt<\/a> para blogar em todos simultaneamente e o <a href=\"http:\/\/tinyurl.com\/\">TinyUrl<\/a> para economizar espa\u00e7os de texto nos links).<\/p>\n<p>Venha fazer ativismo social no <a href=\"http:\/\/profiles.takingitglobal.org\/cmilfont\">TakingITGlobal<\/a> e quem sabe um dia subistituirmos a ONU.<\/p>\n<p>Veja minha \u00e1rvore geneal\u00f3gica no <a href=\"http:\/\/www.familylink.com\/122050\">FamilyLink<\/a>.<\/p>\n<p>Por fim compartilhe comigo os treinamentos e a dieta rigorosa de um atleta n\u00e3o-praticante no <a href=\"http:\/\/cmilfont.traineo.com\/\">Traneo<\/a>.<\/p>\n","protected":false},"excerpt":{"rendered":"<p>Meu nome \u00e9\u00a0Christiano Milfont, sou coordenador dos grupos\u00a0XPCE,\u00a0GURUCE,\u00a0CEJS\u00a0e\u00a0JAVACE,\u00a0programador, palestrante, \u201cevangilista\u201d (evangelista \u00e1gil),\u00a0blogger, ex-colunista da revista\u00a0Java Magazine, l\u00edder e instrutor da Produto Reativo e engenheiro\u00a0de software na GreenMile, quase\u00a020 anos de experi\u00eancia em desenvolvimento de software,\u00a0uma d\u00e9cada com Java, alguns pouco anos com\u00a0Ruby\/Rails, maluco por\u00a0Javascript, organizei os eventos\u00a0Mar\u00e9 de Agilidade Fortaleza 2009\/2010 e\u00a0BrazilJS, JSConf BR, CEJS, [&hellip;]<\/p>\n","protected":false},"author":2,"featured_media":0,"parent":0,"menu_order":0,"comment_status":"open","ping_status":"open","template":"","meta":[],"_links":{"self":[{"href":"https:\/\/www.milfont.org\/tech\/wp-json\/wp\/v2\/pages\/2"}],"collection":[{"href":"https:\/\/www.milfont.org\/tech\/wp-json\/wp\/v2\/pages"}],"about":[{"href":"https:\/\/www.milfont.org\/tech\/wp-json\/wp\/v2\/types\/page"}],"author":[{"embeddable":true,"href":"https:\/\/www.milfont.org\/tech\/wp-json\/wp\/v2\/users\/2"}],"replies":[{"embeddable":true,"href":"https:\/\/www.milfont.org\/tech\/wp-json\/wp\/v2\/comments?post=2"}],"version-history":[{"count":36,"href":"https:\/\/www.milfont.org\/tech\/wp-json\/wp\/v2\/pages\/2\/revisions"}],"predecessor-version":[{"id":1832,"href":"https:\/\/www.milfont.org\/tech\/wp-json\/wp\/v2\/pages\/2\/revisions\/1832"}],"wp:attachment":[{"href":"https:\/\/www.milfont.org\/tech\/wp-json\/wp\/v2\/media?parent=2"}],"curies":[{"name":"wp","href":"https:\/\/api.w.org\/{rel}","templated":true}]}}