{"id":3,"date":"2007-09-28T12:23:08","date_gmt":"2007-09-28T19:23:08","guid":{"rendered":"http:\/\/www.milfont.org\/tech\/eventos\/"},"modified":"2019-07-21T10:29:52","modified_gmt":"2019-07-21T13:29:52","slug":"eventos","status":"publish","type":"page","link":"https:\/\/www.milfont.org\/tech\/eventos\/","title":{"rendered":"Eventos"},"content":{"rendered":"<p>Eventos onde ministrei algum curso ou palestra de forma p\u00fablica, nos eventos anteriores a 2006 eu n\u00e3o tenho precis\u00e3o nas informa\u00e7\u00f5es, ent\u00e3o os deixei de fora.<\/p>\n<h2>2011<\/h2>\n<p>Palestra &#8211; &#8220;Dar Caos \u00e0 Ordem e Dar Ordem ao Caos&#8221; &#8211; &nbsp;<a href=\"http:\/\/www.fatene.edu.br\/a-fatene\/3-semana-de-informatica\">III Semana de Tecnologia<\/a>&nbsp;&#8211; <a href=\"http:\/\/www.fatene.edu.br\/\">FATENE<\/a> &#8211;&nbsp;<a href=\"https:\/\/picasaweb.google.com\/102373117481700667531\/3Dia191011\">Fotos<\/a>&nbsp;&#8211; 22\/11\/2011<\/p>\n<p>Palestra &#8211; &#8220;Dar Caos \u00e0 Ordem e Dar Ordem ao Caos&#8221; &#8211; <a href=\"http:\/\/www.secomp.uece.br\/2011\/?page_id=2\">SECOMP UECE<\/a> &#8211; <a href=\"https:\/\/picasaweb.google.com\/102373117481700667531\/3Dia191011\">Fotos<\/a> &#8211; 19\/10\/2011<\/p>\n<p>Palestra &#8211; <a href=\"http:\/\/www.milfont.org\/tech\/2011\/09\/16\/qcon-sao-paulo-2011\/\">Combinando Programa\u00e7\u00e3o funcional e O.O. em javascript de forma pr\u00e1tica<\/a> &#8211; <a href=\"http:\/\/qconsp.com\/\">QCON S\u00e3o Paulo 2011<\/a> &#8211; 11\/09\/2011<\/p>\n<p>Lightning Talk&nbsp;5min &#8211; <a href=\"http:\/\/www.milfont.org\/tech\/2011\/09\/16\/qcon-sao-paulo-2011\/\">Engine de template em Javascript com HTML Sprites<\/a> &#8211; <a href=\"http:\/\/qconsp.com\/\">QCON S\u00e3o Paulo 2011<\/a> &#8211; 10\/09\/2011<\/p>\n<p>Curso &#8211; <a href=\"http:\/\/www.milfont.org\/javascriptfundamental.html\">Javascript Fundamental<\/a> &#8211; <a href=\"http:\/\/www.milfont.org\/tech\/2011\/08\/06\/mare-de-agilidade-uberlandia\/\">Mar\u00e9 de Agilidade Uberl\u00e2ndia 2011<\/a> &#8211; 12\/08\/2011<\/p>\n<p>Palestra &#8211; <a href=\"http:\/\/www.milfont.org\/tech\/2011\/06\/25\/n-esimo-encontro-do-pbjug\/\">N-\u00e9simo encontro do PBJUG<\/a> &#8211; <a href=\"http:\/\/www.slideshare.net\/cmilfont\/mvc-model-3\">Combinando Frameworks Javascript com VRaptor, uma abordagem pr\u00e1tica<\/a> &#8211; 09\/07\/2011<\/p>\n<p>Palestra &#8211; <a href=\"http:\/\/www.slideshare.net\/cmilfont\/dar-caos-ordem\">Dar Caos \u00e0 Ordem<\/a> &#8211; <a href=\"http:\/\/www.agilebrazil.com\/2011\/pt\/detalhes.php#168\">AgileBrazil 2011<\/a> &#8211; 30\/06\/2011<\/p>\n<p>Palestra &#8211; <strong><a title=\"I TDD my jQuery code without Browser\" href=\"http:\/\/www.slideshare.net\/cmilfont\/i-tdd-my-jquery-code-without-browser\">I TDD my jQuery code without Browser<\/a><\/strong> &#8211; <a href=\"https:\/\/github.com\/milfont\/jsonform\">github<\/a> &#8211; <a href=\"http:\/\/www.milfont.org\/tech\/2011\/06\/13\/cearajs-first-commit-lightning-talks\/\">CearaJS \u2013 First commit\u2026 Lightning Talks!<\/a> &#8211; <a href=\"http:\/\/www.flf.edu.br\/\">FLF<\/a> &#8211; 11\/06\/2011<\/p>\n<p>Palestra&nbsp;<a href=\"http:\/\/www.milfont.org\/tech\/2010\/07\/11\/palestra-agilidade-no-mundo-real\/\">Agilidade no Mundo Real &#8211; Dar Ordem ao Caos<\/a> &#8211; <a href=\"http:\/\/www.fatene.edu.br\/\">Fatene<\/a> &#8211; 09\/06\/2011.<\/p>\n<p><a href=\"http:\/\/braziljs.com.br\/2011\/\">Organiza\u00e7\u00e3o do BrazilJS<\/a> &#8211; 13-14\/05\/2011.<\/p>\n<p>Palestra &#8211; <a href=\"http:\/\/www.slideshare.net\/henriquegogo\/urls-amigveis-em-javascript-com-sammy-js\">Sammy.js, nem s\u00f3 o Twitter tem ajax com urls amig\u00e1veis<\/a> &#8211; <a href=\"https:\/\/github.com\/cmilfont\/sammyguruce\">github<\/a> &#8211; <a href=\"http:\/\/milfont.no.de\/index.html#!\/home\">App<\/a> &#8211; <a href=\"http:\/\/pylestras.appspot.com\/\">IV Pylestras<\/a> &#8211; <a href=\"http:\/\/groups.google.com\/group\/pug-ce\">PUGCE<\/a> &#8211; <a href=\"http:\/\/www.ufc.br\/\">UFC &#8211; Campus do Pici<\/a>, audit\u00f3rio do bloco 910 &#8211; 30\/04\/2011<\/p>\n<p>Palestra &#8211; <a href=\"http:\/\/www.slideshare.net\/cmilfont\/oexente-bdd\">Oxente BDD<\/a> &#8211; <a href=\"http:\/\/eventos.apimenti.com.br\/maredeagilidade\/\">Mar\u00e9 de Agilidade Salvador 2011<\/a> &#8211; <a href=\"https:\/\/github.com\/milfont\/jsonform\">github<\/a> &#8211; 16\/04\/2011<\/p>\n<p>Workshop &#8211; <strong>Desenvolvimento\/Web Standards com Sencha<\/strong> &#8211; <a href=\"http:\/\/eventos.apimenti.com.br\/maredeagilidade\/\">Mar\u00e9 de Agilidade Salvador 2011<\/a> &#8211; 14\/04\/2011<\/p>\n<p>Palestra &#8211; Test Driven Development com Javascript &#8211; <a href=\"https:\/\/github.com\/cmilfont\/tryingnode\">github<\/a> &#8211; \u201c<a href=\"http:\/\/www.fa7.edu.br\/jornadaceti\/2011\/\">8.\u00aa Jornada CETI<\/a>&#8221; &#8211; <a href=\"http:\/\/www.fa7.edu.br\/\">FA7<\/a> &#8211; 11\/04\/2011<\/p>\n<p>Palestra &#8211; Test Driven Development &#8211; <a href=\"https:\/\/github.com\/cmilfont\/tryingnode\">github<\/a> &#8211; <a href=\"http:\/\/www.milfont.org\/tech\/2011\/03\/30\/think-net\/\">Think.net<\/a> &#8211; <a href=\"http:\/\/www.atlantico.com.br\/\">Atl\u00e2ntico<\/a> &#8211; 31\/03\/2011<\/p>\n<p>Palestra &#8211; <a href=\"http:\/\/www.slideshare.net\/henriquegogo\/urls-amigveis-em-javascript-com-sammy-js\">Sammy.js, nem s\u00f3 o Twitter tem ajax com urls amig\u00e1veis<\/a> &#8211; <a href=\"https:\/\/github.com\/cmilfont\/sammyguruce\">github<\/a> &#8211; <a href=\"http:\/\/guruce.org\/v-encontro-guru-ce\/\">Quinto Encontro<\/a> &#8211; <a href=\"http:\/\/guruce.org\/\">GURUCE<\/a> &#8211; <a href=\"http:\/\/www.ffb.edu.br\/\">Faculdade Farias Brito<\/a> &#8211; 26\/02\/2011<\/p>\n<p>Palestra &#8211;&nbsp; <a href=\"http:\/\/www.milfont.org\/tech\/2011\/01\/18\/cafe-com-tom-esta-de-volta\/\">Caf\u00e9 com TOM<\/a> &#8211; <a href=\"http:\/\/mim.io\/4bee8\">Construindo WebApps ricas com Sencha<\/a> &#8211; <a href=\"http:\/\/www.egenial.pro\/pt\/twitter_sessions\/index\/4\">download<\/a> &#8211; 05\/02\/2011<\/p>\n<p>Workshop &#8211; <a href=\"http:\/\/www.milfont.org\/tech\/2010\/12\/06\/evensoft-2011\/\">Orienta\u00e7\u00e3o a Objetos no Javascript<\/a> &#8211; <a href=\"http:\/\/www.edeajr.ufc.br\/\">UFC<\/a> &#8211;&nbsp; 24\/01\/2011<\/p>\n<h2>2010<\/h2>\n<p>Palestra &#8211; <a href=\"http:\/\/www.milfont.org\/tech\/2010\/12\/18\/terceiro-encontro-guru-ce\/\">Construindo WebApps ricas com Rails e Sencha<\/a> &#8211; <a href=\"http:\/\/guruce.org\/iii-encontro-guru-ce\/\">Terceiro Encontro<\/a> &#8211; <a href=\"http:\/\/guruce.org\/\">GURUCE<\/a> &#8211; <a href=\"http:\/\/www.ffb.edu.br\/\">Faculdade Farias Brito<\/a> &#8211; 18\/12\/2010<\/p>\n<p>Palestra <a href=\"http:\/\/www.milfont.org\/tech\/2010\/07\/11\/palestra-agilidade-no-mundo-real\/\">Agilidade no Mundo Real<\/a> &#8211; <a href=\"http:\/\/www.great.ufc.br\/~wtdg\/bancasFaseII.html\">WTDG<\/a> &#8211; <a href=\"http:\/\/www.great.ufc.br\/\">GREat<\/a> (UFC) &#8211; 01\/12\/2010.<\/p>\n<p>Palestra &#8220;Agilidade no Mundo Real &#8211; <a href=\"http:\/\/railsrumble.com\/teams\/cangaceiros\">Restrospectiva Rails Rumble<\/a>&#8221; &#8211; <a href=\"http:\/\/www.agiletour.org\/br\/fortaleza.html\">Agile Tour 2010<\/a> <a href=\"http:\/\/www.agiletour.org\/br\/node\/1041\">Cear\u00e1<\/a> &#8211; 18\/09\/2010.<\/p>\n<p>Palestra <a href=\"http:\/\/www.milfont.org\/tech\/2010\/07\/11\/palestra-agilidade-no-mundo-real\/\">Como a agilidade tem melhorado o desenvolvimento de Software<\/a> &#8211; <a href=\"http:\/\/www.edted.com.br\/edted-15\/\">EDTED15<\/a> <a href=\"http:\/\/www.edted.com.br\/edted-15\/index.php\/edted-fortaleza-cobertura\/\">Cear\u00e1<\/a> &#8211; 16\/09\/2010.<\/p>\n<p>Palestra <a href=\"http:\/\/www.milfont.org\/tech\/2010\/07\/11\/palestra-agilidade-no-mundo-real\/\">Agilidade no Mundo Real<\/a> &#8211; <a href=\"http:\/\/www.faculdadeidez.com.br\/\">iDEZ<\/a>&#8211; PB &#8211; 10\/07\/2010.<\/p>\n<p>Palestra <a href=\"http:\/\/www.milfont.org\/tech\/2010\/05\/28\/palestra-bdd-unifor-2010\/\">DDD<\/a> &#8211; Unifor &#8211; 27\/05\/2010.<\/p>\n<h2>2009<\/h2>\n<p>3\u00ba Encontro XPCE: <a href=\"http:\/\/www.milfont.org\/tech\/2009\/10\/27\/material-do-terceiro-encontro-xpce\/\">Palestra BDD on Rails<\/a> &#8211; FA7 &#8211; 24\/10\/2009.<\/p>\n<p><a href=\"http:\/\/www.maredeagilidade.com.br\">Mar\u00e9 de Agilidade Fortaleza<\/a>. Palestra: <a href=\"http:\/\/www.milfont.org\/tech\/2009\/08\/09\/slides-do-mare-de-agilidade-fortaleza-2009\/\">Conhecendo o desenvolvimento guiado a testes e a comportamento (TDD e BDD)<\/a> &#8211; <a href=\"http:\/\/www.milfont.org\/tech\/2009\/08\/12\/cobertura-do-mare-de-agilidade\/\">Fotos<\/a>. [11\/08\/2009]<\/p>\n<p><a href=\"http:\/\/www.fjn.edu.br\/\">FJN<\/a> (Faculdade Juazeiro do Norte) SETI 2009.1 Palestra: <a href=\"http:\/\/www.slideshare.net\/cmilfont\/apresentando-extreme-programming\">Apresentando Extreme Programming<\/a> &#8211; <a href=\"http:\/\/picasaweb.google.com.br\/cmilfont\/FJNSETI20091190609#\">Fotos<\/a>. [19\/06\/2009]<\/p>\n<p><strong>1\u00ba <a href=\"http:\/\/groups.google.com.br\/group\/xpce\">XPCE<\/a><\/strong>: Palestra: Come\u00e7ando a usar <a href=\"http:\/\/www.milfont.org\/tech\/2009\/03\/29\/palestra-test-driven-development\/\">TDD<\/a> e <a href=\"http:\/\/www.milfont.org\/tech\/2009\/03\/29\/palestra-behaviour-driven-development\/\">BDD<\/a> \u2013 Fortes Inform\u00e1tica \u2013 <a href=\"http:\/\/picasaweb.google.com.br\/cmilfont\/XPCEPrimeiroEncontro\">Fotos<\/a>. [28\/03\/2009]<\/p>\n<p><a href=\"http:\/\/www.milfont.org\/tech\/2009\/03\/18\/primeiro-dia-livre-2009\/\">1\u00ba Dia Livre<\/a>. Palestra: <a href=\"http:\/\/www.milfont.org\/tech\/2009\/03\/21\/slides-do-evento-primeiro-dia-livre\/\">Desenvolvimento de aplica\u00e7\u00f5es sociais com a OpenSocial<\/a>. <a href=\"http:\/\/www.flf.edu.br\/\">FLF<\/a> &#8211; [21\/03\/2009]<\/p>\n<h2>2008<\/h2>\n<p>IV Natal Java Day. <strong><a href=\"http:\/\/www.jeebrasil.com.br\/nataljavaday\/resumos\/palestraChristiano.jsp\">Palestra<\/a>:<\/strong> <strong>OpenSocial: Padroniza\u00e7\u00e3o das redes sociais<\/strong> &#8211; <a href=\"http:\/\/www.milfont.org\/tech\/2008\/11\/24\/material-iv-natal-java-day-2008\/\">Material<\/a> &#8211; <a href=\"http:\/\/www.milfont.org\/tech\/2008\/11\/28\/videos-do-iv-natal-java-day\/\">Fotos e Videos<\/a>. [22-11-2008]<\/p>\n<p>Palestra <a href=\"http:\/\/www.cejug.org\/display\/cejug\/Apresentando+o+CEJUG+e+o+poder+do+Java+e+Frameworks+AJAX+em+Iguatu+-+01.11.08\">CCT Iguatu<\/a>: &#8220;<a href=\"http:\/\/www.milfont.org\/tech\/2008\/11\/04\/encontro-em-iguatu\/\">Frameworks AJAX<\/a>&#8221; &#8211; <span class=\"nobr\"><a href=\"http:\/\/maps.google.com\/maps\/ms?ie=UTF8&amp;hl=pt-BR&amp;msa=0&amp;ll=-6.361796,-39.299689&amp;spn=0.002452,0.004828&amp;t=h&amp;z=18&amp;msid=115392776271716192991.000459d69a1f12e108fee\">SENAC<sup><img decoding=\"async\" loading=\"lazy\" class=\"rendericon\" src=\"http:\/\/www.cejug.org\/images\/icons\/linkext7.gif\" alt=\"\" width=\"7\" height=\"7\" align=\"absmiddle\" border=\"0\"><\/sup><\/a><\/span> &#8211; Iguatu &#8211; <a href=\"http:\/\/picasaweb.google.com.br\/cmilfont\/Iguatu1112008\">Fotos<\/a>. [01\/11\/2008]<\/p>\n<p>Palestra <a href=\"http:\/\/cepug.org\/\">CEPUG<\/a>: &#8220;OpenSocial: Padroniza\u00e7\u00e3o das redes sociais&#8221; &#8211; Sede da <a href=\"http:\/\/www.ivia.com.br\">IVIA<\/a> &#8211; <a href=\"http:\/\/picasaweb.google.com.br\/cmilfont\/CEPUG30082008\">Fotos<\/a>. [30\/08\/2008]<\/p>\n<p>Palestra <a href=\"http:\/\/www.cejug.org\/pages\/viewpage.action?pageId=2818055\">CCT<\/a>: &#8220;Frameworks AJAX&#8221; no evento &#8220;<a href=\"http:\/\/www.cejug.org\/pages\/viewpage.action?pageId=30900290\">Caf\u00e9 com Tapioca com o melhor do WebDays 2008<\/a>&#8221; &#8211; Faculdade Louren\u00e7o Filho &#8211; <a href=\"http:\/\/picasaweb.google.com.br\/cmilfont\/CCT30AGOSTO2008\">Fotos<\/a>. [30\/08\/2008]<\/p>\n<p>Palestra <a href=\"http:\/\/www.devmedia.com.br\/webdays2008\/\">Webdays 2008<\/a>: &#8220;<a href=\"http:\/\/www.devmedia.com.br\/webdays2008\/PopUps\/PALE_FrameworksAjax.html\">Frameworks Ajax<\/a>&#8221; &#8211; <a href=\"http:\/\/www.devmedia.com.br\/webdays2008\/conteudo.html\">Agenda<\/a> &#8211; <a href=\"http:\/\/www.braston.com\/index3.htm\">Hotel Braston<\/a> S\u00e3o Paulo. <a href=\"http:\/\/picasaweb.google.com.br\/cmilfont\/WEBDAYS2008\">Fotos<\/a>. [23\/08\/2008]<\/p>\n<p>Palestra <a href=\"http:\/\/www.devmedia.com.br\/webdays2008\/\">Webdays 2008<\/a>: &#8220;<a href=\"http:\/\/www.devmedia.com.br\/webdays2008\/PopUps\/PALE_OpenSocial.html\">OpenSocial: Padroniza\u00e7\u00e3o das redes sociais<\/a>&#8221; &#8211; <a href=\"http:\/\/www.devmedia.com.br\/webdays2008\/conteudo.html\">Agenda<\/a> &#8211; <a href=\"http:\/\/www.braston.com\/index3.htm\">Hotel Braston<\/a> S\u00e3o Paulo. <a href=\"http:\/\/picasaweb.google.com.br\/cmilfont\/WEBDAYS2008\">Fotos<\/a>. [22\/08\/2008]<\/p>\n<p>Palestra <a href=\"http:\/\/www.milfont.org\/tech\/2008\/04\/23\/flisol-2008\/\">FLISOL 2008<\/a>: &#8220;<a href=\"http:\/\/www.milfont.org\/tech\/2008\/04\/14\/material-cct-de-abril-2008\/\">OpenSocial: construa sua rede social<\/a>&#8221; &#8211; Faculdade Evolu\u00e7\u00e3o [26\/04\/2008]<\/p>\n<p>Palestra <a href=\"http:\/\/www.cejug.org\/display\/cejug\/OpenSocial%2C+Conhecendo+o+Spring+e+Os+melhores+do+mundo%2C+comparativo+entre+Spring+e+EJB+3.0+-+%2812.04.08%29\">CCT<\/a>: &#8220;<a href=\"http:\/\/www.milfont.org\/tech\/2008\/04\/14\/material-cct-de-abril-2008\/\">OpenSocial: construa sua rede social<\/a>&#8221; &#8211; <a href=\"http:\/\/www.fanor.edu.br\/\">FANOR<\/a> [12\/04\/2008]<\/p>\n<p>Palestra <a href=\"http:\/\/www.cejug.org\/display\/cejug\/JBoss+Seam%2C+Wikicrimes+e+DSL+com+Rhino+-+%2815.03.08%29\">CCT<\/a>: &#8220;<a href=\"http:\/\/www.milfont.org\/tech\/2008\/03\/16\/cct-marco-2008-dsl-com-rhino\/\">DSL com Rhino<\/a>&#8221; &#8211; <a href=\"http:\/\/www.unifor.br\/\">UNIFOR &#8211; Universidade de Fortaleza<\/a> [15\/03\/2008]<\/p>\n<p>Palestra <a href=\"http:\/\/www.cejug.org\/pages\/viewpage.action?pageId=9502726\">CCT<\/a>: &#8220;<a href=\"http:\/\/www.milfont.org\/tech\/2008\/01\/24\/material-cct-janeiro-2008\/\">Conhecendo a JSR 223: Scripting for the Java Platform<\/a>&#8221; &#8211; <a href=\"http:\/\/www.atlantico.com.br:8080\/sitenet\/frontoffice\/dyna\/StartupOperationAction.do?operation=changeLanguage&amp;id=1\">Atl\u00e2ntico<\/a> [23\/01\/08]<\/p>\n<h2>2007<\/h2>\n<p>III Natal Java Day &#8211; Palestra: <a href=\"http:\/\/www.milfont.org\/tech\/2007\/11\/22\/iii-natal-java-day-material\/\">Ajaxificando suas aplica\u00e7\u00f5es<\/a>. [17-11-2007]<\/p>\n<p>Minicurso Ajax Avan\u00e7ado &#8211; SECOMP FLF [01, 03 e 05\/10\/2007] Material.<\/p>\n<p>Minicurso Anatomia do Framework Extjs &#8211; SECOMP FLF. [02, 04 e 06\/10\/2007]<\/p>\n<p>Curso DWR e Ext &#8211; UNIGEX. [09\/2007]<\/p>\n<p>Palestra <a href=\"http:\/\/www.cejug.org\/pages\/viewpage.action?pageId=2818055\" target=\"_blank\" rel=\"noopener noreferrer\">CCT<\/a>: &#8220;<a href=\"http:\/\/www.cejug.org\/display\/cejug\/Implementando+MVC+com+AJAX+-+%2812.07.07%29\" target=\"_blank\" rel=\"noopener noreferrer\">Implementando MVC com Ajax<\/a>&#8221; &#8211; Fortes Inform\u00e1tica. [12\/07\/2007]<\/p>\n<p>Curso Ajax Avan\u00e7ado &#8211; FLF [05\/2007] <a href=\"http:\/\/www.milfont.org\/blog\/fotos\/thumbnails.php?album=10\" target=\"_blank\" rel=\"noopener noreferrer\">Fotos<\/a>.<\/p>\n<p>Palestra &#8220;Orienta\u00e7\u00e3o a objetos com Javascript&#8221; FLISOL, Fortaleza <a href=\"http:\/\/www.milfont.org\/blog\/archives\/119\" target=\"_blank\" rel=\"noopener noreferrer\">Material<\/a>. [28\/04\/2007]<\/p>\n<p>Palestra &#8220;Evolu\u00e7\u00e3o dos frameworks web: retorno ao MVC original&#8221; &#8211; FLISOL, Fortaleza &#8211; <a href=\"http:\/\/www.milfont.org\/blog\/archives\/119\" target=\"_blank\" rel=\"noopener noreferrer\">Material<\/a>. [28\/04\/2007]<\/p>\n<h2>2006<\/h2>\n<p>III F\u00f3rum Cearense de Software Livre, Palestra Integra\u00e7\u00e3o Cont\u00ednua &#8211; UNIFOR. <a href=\"http:\/\/www.milfont.org\/blog\/wp-content\/upload\/3FCSL_20-10-2006.pdf\" target=\"_blank\" rel=\"noopener noreferrer\">Material<\/a>. [20\/10\/2006]<\/p>\n<p>Mini-curso SECOMP: Ajax com API Yahoo! (YUI). <a href=\"http:\/\/www.milfont.org\/blog\/mini-curso-ajax\/\" target=\"_blank\" rel=\"noopener noreferrer\">Material<\/a>. Fotos. [16, 18 e 20 de 10\/2006]<\/p>\n<p>Palestra Ajax &#8211; SEAD. <a href=\"http:\/\/www.milfont.org\/blog\/fotos\/thumbnails.php?album=8\" target=\"_blank\" rel=\"noopener noreferrer\">Fotos.<\/a> [29\/09\/2006]<\/p>\n<p>Palestra Ajax DWR &#8211; FLF. <a href=\"http:\/\/www.milfont.org\/blog\/fotos\/thumbnails.php?album=7\" target=\"_blank\" rel=\"noopener noreferrer\">Fotos<\/a> <a href=\"http:\/\/www.milfont.org\/blog\/wp-content\/upload\/AjaxDWR.rar\" target=\"_blank\" rel=\"noopener noreferrer\">Material do evento<\/a>. [23\/09\/2006]<\/p>\n<p>Workshop JAVA WEB &#8211; FLF. <a href=\"http:\/\/www.milfont.org\/blog\/fotos\/thumbnails.php?album=5\" target=\"_blank\" rel=\"noopener noreferrer\">Fotos<\/a> <a href=\"http:\/\/www.milfont.org\/blog\/wp-content\/upload\/celula.rar\" target=\"_blank\" rel=\"noopener noreferrer\">Material do evento<\/a> <a href=\"http:\/\/www.milfont.org\/blog\/wp-content\/upload\/lista_inscritos.txt\" target=\"_blank\" rel=\"noopener noreferrer\">Lista de participantes<\/a>. [02\/09\/2006]<\/p>\n<p>Workshop JAVA B\u00e1sico &#8211; FLF. <a href=\"http:\/\/www.milfont.org\/blog\/fotos\/thumbnails.php?album=2\" target=\"_blank\" rel=\"noopener noreferrer\">Fotos<\/a> <a href=\"http:\/\/www.milfont.org\/blog\/wp-content\/upload\/workshop.rar\" target=\"_blank\" rel=\"noopener noreferrer\">Material do evento<\/a> <a href=\"http:\/\/www.milfont.org\/blog\/wp-content\/upload\/lista_inscritos.txt\" target=\"_blank\" rel=\"noopener noreferrer\">Lista de participantes<\/a>. [26\/08\/2006]<\/p>\n<p>Palestra XP &#8211; SEAD. <a href=\"http:\/\/www.milfont.org\/blog\/fotos\/thumbnails.php?album=3\" target=\"_blank\" rel=\"noopener noreferrer\">Fotos.<\/a> [25\/08\/2006]<\/p>\n<p>Palestra Integra\u00e7\u00e3o Cont\u00ednua &#8211; SEAD. <a href=\"http:\/\/www.milfont.org\/tech\/wp-content\/upload\/SEAD_28-07-2006.pdf\" target=\"_blank\" rel=\"noopener noreferrer\">Material<\/a>. [28\/07\/2006]<\/p>\n<p>Palestra SUN TECH DAY, Fortaleza &#8211; FANOR. <a href=\"http:\/\/www.milfont.org\/blog\/fotos\/thumbnails.php?album=4\" target=\"_blank\" rel=\"noopener noreferrer\">Fotos<\/a>. [11\/04\/2006]<\/p>\n<p>Workshop JAVA b\u00e1sico &#8211; FLF. <a href=\"http:\/\/www.milfont.org\/blog\/fotos\/\">Fotos<\/a> <a href=\"http:\/\/www.milfont.org\/blog\/wp-content\/upload\/lista.txt\">Lista de participantes<\/a>. [08\/04\/2006]Pal<\/p>\n","protected":false},"excerpt":{"rendered":"<p>Eventos onde ministrei algum curso ou palestra de forma p\u00fablica, nos eventos anteriores a 2006 eu n\u00e3o tenho precis\u00e3o nas informa\u00e7\u00f5es, ent\u00e3o os deixei de fora. 2011 Palestra &#8211; &#8220;Dar Caos \u00e0 Ordem e Dar Ordem ao Caos&#8221; &#8211; &nbsp;III Semana de Tecnologia&nbsp;&#8211; FATENE &#8211;&nbsp;Fotos&nbsp;&#8211; 22\/11\/2011 Palestra &#8211; &#8220;Dar Caos \u00e0 Ordem e Dar Ordem [&hellip;]<\/p>\n","protected":false},"author":1,"featured_media":0,"parent":0,"menu_order":0,"comment_status":"open","ping_status":"open","template":"","meta":[],"_links":{"self":[{"href":"https:\/\/www.milfont.org\/tech\/wp-json\/wp\/v2\/pages\/3"}],"collection":[{"href":"https:\/\/www.milfont.org\/tech\/wp-json\/wp\/v2\/pages"}],"about":[{"href":"https:\/\/www.milfont.org\/tech\/wp-json\/wp\/v2\/types\/page"}],"author":[{"embeddable":true,"href":"https:\/\/www.milfont.org\/tech\/wp-json\/wp\/v2\/users\/1"}],"replies":[{"embeddable":true,"href":"https:\/\/www.milfont.org\/tech\/wp-json\/wp\/v2\/comments?post=3"}],"version-history":[{"count":51,"href":"https:\/\/www.milfont.org\/tech\/wp-json\/wp\/v2\/pages\/3\/revisions"}],"predecessor-version":[{"id":1886,"href":"https:\/\/www.milfont.org\/tech\/wp-json\/wp\/v2\/pages\/3\/revisions\/1886"}],"wp:attachment":[{"href":"https:\/\/www.milfont.org\/tech\/wp-json\/wp\/v2\/media?parent=3"}],"curies":[{"name":"wp","href":"https:\/\/api.w.org\/{rel}","templated":true}]}}